{"id":7784,"date":"2023-11-03T16:30:04","date_gmt":"2023-11-03T16:30:04","guid":{"rendered":"https:\/\/vici.bg\/no\/?post_type=product&#038;p=7784"},"modified":"2024-12-16T13:51:06","modified_gmt":"2024-12-16T10:51:06","slug":"spisebord-triest-eik","status":"publish","type":"product","link":"https:\/\/vici.bg\/no\/catalogue\/spisebord-triest-eik\/","title":{"rendered":"Spisebord TRIEST &#8211; Eik"},"content":{"rendered":"<h2>Spisebord TRIEST &#8211; Eik<\/h2>\n<p class=\"p1\">Dette imponerende spisebordet i massiv eik med et optisk utseende gir ikke bare et sofistikert utseende til rommet ditt, men representerer ogs\u00e5 h\u00f8y kvalitet og holdbarhet. Med ekte tykkelse p\u00e5 20+20 mm og oljefinish er den ikke bare vakker, men ogs\u00e5 motstandsdyktig mot daglig bruk.<\/p>\n<h3 class=\"p1\">Uts\u00f8kte bendetaljer:<\/h3>\n<p class=\"p1\">Ikke bare toppen, men ogs\u00e5 bena p\u00e5 dette bordet gjenspeiler n\u00e5de og h\u00e5ndverk. Laget av massiv eik, er de i tillegg forsterket med metallplater, noe som sikrer stabilitet og holdbarhet til hele strukturen.<\/p>\n<h3 class=\"p1\">Uts\u00f8kte bendetaljer:<\/h3>\n<p class=\"p1\">Ikke bare toppen, men ogs\u00e5 bena p\u00e5 dette bordet gjenspeiler n\u00e5de og h\u00e5ndverk. Laget av massiv eik, er de i tillegg forsterket med metallplater, noe som sikrer stabilitet og holdbarhet til hele strukturen.<\/p>\n","protected":false},"excerpt":{"rendered":"<p>Oppdag Triest spisebord med eikeplate forsterket med metallplater og et optisk utseende. Kan tilpasses fra 1400 til 2400 mm for et sofistikert design i hjemmet ditt.<\/p>\n","protected":false},"featured_media":7806,"comment_status":"open","ping_status":"closed","template":"","meta":[],"product_brand":[],"product_cat":[326],"product_tag":[439,437,445,443,444,440,433,441,435,434,436],"class_list":{"0":"post-7784","1":"product","2":"type-product","3":"status-publish","4":"has-post-thumbnail","6":"product_cat-spisebord","7":"product_tag-439","8":"product_tag-437","9":"product_tag-445","10":"product_tag-443","11":"product_tag-444","12":"product_tag-440","13":"product_tag-433","14":"product_tag-441","15":"product_tag-435","16":"product_tag-434","17":"product_tag-436","19":"first","20":"instock","21":"shipping-taxable","22":"purchasable","23":"product-type-variable","24":"add-to-wishlist-after_add_to_cart"},"_links":{"self":[{"href":"https:\/\/vici.bg\/no\/wp-json\/wp\/v2\/product\/7784","targetHints":{"allow":["GET"]}}],"collection":[{"href":"https:\/\/vici.bg\/no\/wp-json\/wp\/v2\/product"}],"about":[{"href":"https:\/\/vici.bg\/no\/wp-json\/wp\/v2\/types\/product"}],"replies":[{"embeddable":true,"href":"https:\/\/vici.bg\/no\/wp-json\/wp\/v2\/comments?post=7784"}],"wp:featuredmedia":[{"embeddable":true,"href":"https:\/\/vici.bg\/no\/wp-json\/wp\/v2\/media\/7806"}],"wp:attachment":[{"href":"https:\/\/vici.bg\/no\/wp-json\/wp\/v2\/media?parent=7784"}],"wp:term":[{"taxonomy":"product_brand","embeddable":true,"href":"https:\/\/vici.bg\/no\/wp-json\/wp\/v2\/product_brand?post=7784"},{"taxonomy":"product_cat","embeddable":true,"href":"https:\/\/vici.bg\/no\/wp-json\/wp\/v2\/product_cat?post=7784"},{"taxonomy":"product_tag","embeddable":true,"href":"https:\/\/vici.bg\/no\/wp-json\/wp\/v2\/product_tag?post=7784"}],"curies":[{"name":"wp","href":"https:\/\/api.w.org\/{rel}","templated":true}]}}