{"id":7566,"date":"2023-11-03T10:22:49","date_gmt":"2023-11-03T10:22:49","guid":{"rendered":"https:\/\/vici.bg\/no\/?post_type=product&#038;p=7566"},"modified":"2024-12-16T13:57:22","modified_gmt":"2024-12-16T10:57:22","slug":"spisebord-palermo-eik","status":"publish","type":"product","link":"https:\/\/vici.bg\/no\/catalogue\/spisebord-palermo-eik\/","title":{"rendered":"Spisebord PALERMO &#8211; Eik"},"content":{"rendered":"<h2 class=\"p1\">Spisebord PALERMO &#8211; Eik<\/h2>\n<p class=\"p1\">tiltrekker seg oppmerksomhet med sin unike design og utf\u00f8relse av massiv eik. Med treben og en topp med naturlig kanter, utstr\u00e5ler dette bordet raffinement og stil. Dens holdbarhet understrekes av det n\u00f8ye utvalgte materialet, som sikrer motstand og holdbarhet selv ved daglig bruk.<\/p>\n<h3 class=\"p1\">Dimensjoner for perfekt passform<\/h3>\n<p class=\"p1\">Med sine forskjellige st\u00f8rrelser, inkludert 1400 mm &#8211; 800 mm, 1600 mm &#8211; 800 mm, 1800 mm &#8211; 800 mm, 2000 mm &#8211; 800 mm og 2400 mm &#8211; 800 mm, er Palermo spisebord designet for \u00e5 passe perfekt inn i ethvert hjem eller rom. Enten du trenger kompakthet eller ekstra gjesteplass, gir disse variantene den perfekte l\u00f8sningen for dine behov.<\/p>\n<h3 class=\"p1\">Naturlig sjarm og fargevalg<\/h3>\n<p class=\"p1\">Med den naturlige, valn\u00f8tt eller svarte fargen p\u00e5 toppen, bringer Palermo spisebord naturlig sjarm og raffinement til rommet ditt. Velg fargekombinasjonen som best gjenspeiler din stil og preferanser, og tilf\u00f8rer hjemmet ditt kos og individualitet.<\/p>\n","protected":false},"excerpt":{"rendered":"<p>S\u00f8rg for raffinement og funksjonalitet med Palermo spisebord. En rekke farger og st\u00f8rrelser for ditt hjem. Massiv eik kvalitet og stil<\/p>\n","protected":false},"featured_media":7588,"comment_status":"open","ping_status":"closed","template":"","meta":[],"product_brand":[],"product_cat":[326],"product_tag":[439,437,445,443,444,440,433,441,435,447,434,436],"class_list":{"0":"post-7566","1":"product","2":"type-product","3":"status-publish","4":"has-post-thumbnail","6":"product_cat-spisebord","7":"product_tag-439","8":"product_tag-437","9":"product_tag-445","10":"product_tag-443","11":"product_tag-444","12":"product_tag-440","13":"product_tag-433","14":"product_tag-441","15":"product_tag-435","16":"product_tag-447","17":"product_tag-434","18":"product_tag-436","20":"first","21":"instock","22":"shipping-taxable","23":"purchasable","24":"product-type-variable","25":"add-to-wishlist-after_add_to_cart"},"_links":{"self":[{"href":"https:\/\/vici.bg\/no\/wp-json\/wp\/v2\/product\/7566","targetHints":{"allow":["GET"]}}],"collection":[{"href":"https:\/\/vici.bg\/no\/wp-json\/wp\/v2\/product"}],"about":[{"href":"https:\/\/vici.bg\/no\/wp-json\/wp\/v2\/types\/product"}],"replies":[{"embeddable":true,"href":"https:\/\/vici.bg\/no\/wp-json\/wp\/v2\/comments?post=7566"}],"wp:featuredmedia":[{"embeddable":true,"href":"https:\/\/vici.bg\/no\/wp-json\/wp\/v2\/media\/7588"}],"wp:attachment":[{"href":"https:\/\/vici.bg\/no\/wp-json\/wp\/v2\/media?parent=7566"}],"wp:term":[{"taxonomy":"product_brand","embeddable":true,"href":"https:\/\/vici.bg\/no\/wp-json\/wp\/v2\/product_brand?post=7566"},{"taxonomy":"product_cat","embeddable":true,"href":"https:\/\/vici.bg\/no\/wp-json\/wp\/v2\/product_cat?post=7566"},{"taxonomy":"product_tag","embeddable":true,"href":"https:\/\/vici.bg\/no\/wp-json\/wp\/v2\/product_tag?post=7566"}],"curies":[{"name":"wp","href":"https:\/\/api.w.org\/{rel}","templated":true}]}}