{"id":7489,"date":"2023-11-03T10:05:57","date_gmt":"2023-11-03T10:05:57","guid":{"rendered":"https:\/\/vici.bg\/no\/?post_type=product&#038;p=7489"},"modified":"2024-12-16T14:01:04","modified_gmt":"2024-12-16T11:01:04","slug":"spisebord-padua-eik","status":"publish","type":"product","link":"https:\/\/vici.bg\/no\/catalogue\/spisebord-padua-eik\/","title":{"rendered":"Spisebord PADUA &#8211; Eik"},"content":{"rendered":"<h2>Spisebord PADUA &#8211; Eik<\/h2>\n<p>Se for deg den elegante rammen i hjemmet ditt, supplert med et Padua-bord &#8211; eik. Med en teknologisk avansert topp med 40 mm optisk look, legger dette bordet raffinement og en f\u00f8lelse av kvalitet til ethvert rom. Den virkelige tykkelsen p\u00e5 20+20 mm sikrer eksepsjonell styrke og motstand, og gir deg komfort og langvarig bruksglede.<\/p>\n<h3>Uts\u00f8kte tredetaljer<\/h3>\n<p>Med treben laget av massiv eik, representerer dette spisebordet en syntese av estetikk og funksjonalitet. Hver detaljerte tredel gir interi\u00f8ret ditt unikt. Nyt kombinasjonen av stil og holdbarhet som bare ekte tre kan tilby.<\/p>\n<h3>Tilpass med st\u00f8rrelser og farger<\/h3>\n<p>Padua bord &#8211; eik tilbyr en rekke st\u00f8rrelser, slik at du kan velge den som passer best til ditt hjem. Med st\u00f8rrelser fra 1400mm til 2400mm i bredden har du muligheten til \u00e5 tilpasse plassen din. Med farger som Natural, Walnut og Black, vil dette bordet passe perfekt til din stil og preferanser.<\/p>\n","protected":false},"excerpt":{"rendered":"<p>Oppdag Padua-bordet &#8211; eik med en optisk topp p\u00e5 40 mm, laget med treben og tilpassbare dimensjoner fra 1400 mm til 2400 mm. Eleganse og holdbarhet for hjemmet ditt.<\/p>\n","protected":false},"featured_media":7511,"comment_status":"open","ping_status":"closed","template":"","meta":[],"product_brand":[],"product_cat":[326],"product_tag":[439,437,445,443,444,440,433,441,435,434,436],"class_list":{"0":"post-7489","1":"product","2":"type-product","3":"status-publish","4":"has-post-thumbnail","6":"product_cat-spisebord","7":"product_tag-439","8":"product_tag-437","9":"product_tag-445","10":"product_tag-443","11":"product_tag-444","12":"product_tag-440","13":"product_tag-433","14":"product_tag-441","15":"product_tag-435","16":"product_tag-434","17":"product_tag-436","19":"first","20":"instock","21":"shipping-taxable","22":"purchasable","23":"product-type-variable","24":"add-to-wishlist-after_add_to_cart"},"_links":{"self":[{"href":"https:\/\/vici.bg\/no\/wp-json\/wp\/v2\/product\/7489","targetHints":{"allow":["GET"]}}],"collection":[{"href":"https:\/\/vici.bg\/no\/wp-json\/wp\/v2\/product"}],"about":[{"href":"https:\/\/vici.bg\/no\/wp-json\/wp\/v2\/types\/product"}],"replies":[{"embeddable":true,"href":"https:\/\/vici.bg\/no\/wp-json\/wp\/v2\/comments?post=7489"}],"wp:featuredmedia":[{"embeddable":true,"href":"https:\/\/vici.bg\/no\/wp-json\/wp\/v2\/media\/7511"}],"wp:attachment":[{"href":"https:\/\/vici.bg\/no\/wp-json\/wp\/v2\/media?parent=7489"}],"wp:term":[{"taxonomy":"product_brand","embeddable":true,"href":"https:\/\/vici.bg\/no\/wp-json\/wp\/v2\/product_brand?post=7489"},{"taxonomy":"product_cat","embeddable":true,"href":"https:\/\/vici.bg\/no\/wp-json\/wp\/v2\/product_cat?post=7489"},{"taxonomy":"product_tag","embeddable":true,"href":"https:\/\/vici.bg\/no\/wp-json\/wp\/v2\/product_tag?post=7489"}],"curies":[{"name":"wp","href":"https:\/\/api.w.org\/{rel}","templated":true}]}}