{"id":7410,"date":"2023-11-03T08:28:15","date_gmt":"2023-11-03T08:28:15","guid":{"rendered":"https:\/\/vici.bg\/no\/?post_type=product&#038;p=7410"},"modified":"2024-12-16T14:02:50","modified_gmt":"2024-12-16T11:02:50","slug":"salongbord-neapol-eik","status":"publish","type":"product","link":"https:\/\/vici.bg\/no\/catalogue\/salongbord-neapol-eik\/","title":{"rendered":"Salongbord NEAPOL &#8211; Eik"},"content":{"rendered":"<h2>Salongbord NEAPOL &#8211; Eik<\/h2>\n<p>Neapol-salongbordet &#8211; et ekte kunstverk i hjemmet ditt. Ved \u00e5 kombinere design og funksjonalitet presenterer den en topp med et optisk utseende p\u00e5 40 mm, supplert med en reell tykkelse p\u00e5 20+20 mm. Dens naturlige eiketopp er behandlet med en oljefinish, som understreker dens eleganse og holdbarhet.<\/p>\n<h3>Utholdenhet og b\u00e6rekraft<\/h3>\n<p>Med styrken til en st\u00e5lgigant imponerer dette salongbordet ikke bare med sitt utseende, men er ogs\u00e5 utrolig sterkt. Den har metallplater skjult mellom trelaget p\u00e5 bordplaten, og gir den n\u00f8dvendige motstanden for daglig bruk. Dimensjonene &#8211; 1150 mm\/650 mm\/380 mm &#8211; kombinerer funksjonalitet og stil perfekt i ett.<\/p>\n<h3>Estetikk og praktisk hjemme<\/h3>\n<p>Neapol bidrar til den perfekte estetikken til hjemmet ditt. Det er ikke bare et bord, men en visjon som gir kos og raffinement til interi\u00f8ret ditt. Ved \u00e5 kombinere stil og komfort er dette salongbordet en uunnv\u00e6rlig del av hjemmemilj\u00f8et ditt.<\/p>\n","protected":false},"excerpt":{"rendered":"<p>Sofabord Neapol &#8211; en uts\u00f8kt designl\u00f8sning for ditt hjem. Laget av eik med optisk utseende med en 40 mm topp, forsterket med metallplater for holdbarhet. Dimensjoner: 1150mm\/650mm\/380mm.<\/p>\n","protected":false},"featured_media":7432,"comment_status":"open","ping_status":"closed","template":"","meta":[],"product_brand":[],"product_cat":[552],"product_tag":[446,439,437,445,443,444,440,433,441,435,447,434,436],"class_list":{"0":"post-7410","1":"product","2":"type-product","3":"status-publish","4":"has-post-thumbnail","6":"product_cat-kaffebord","7":"product_tag-446","8":"product_tag-439","9":"product_tag-437","10":"product_tag-445","11":"product_tag-443","12":"product_tag-444","13":"product_tag-440","14":"product_tag-433","15":"product_tag-441","16":"product_tag-435","17":"product_tag-447","18":"product_tag-434","19":"product_tag-436","21":"first","22":"instock","23":"shipping-taxable","24":"purchasable","25":"product-type-variable","26":"add-to-wishlist-after_add_to_cart"},"_links":{"self":[{"href":"https:\/\/vici.bg\/no\/wp-json\/wp\/v2\/product\/7410","targetHints":{"allow":["GET"]}}],"collection":[{"href":"https:\/\/vici.bg\/no\/wp-json\/wp\/v2\/product"}],"about":[{"href":"https:\/\/vici.bg\/no\/wp-json\/wp\/v2\/types\/product"}],"replies":[{"embeddable":true,"href":"https:\/\/vici.bg\/no\/wp-json\/wp\/v2\/comments?post=7410"}],"wp:featuredmedia":[{"embeddable":true,"href":"https:\/\/vici.bg\/no\/wp-json\/wp\/v2\/media\/7432"}],"wp:attachment":[{"href":"https:\/\/vici.bg\/no\/wp-json\/wp\/v2\/media?parent=7410"}],"wp:term":[{"taxonomy":"product_brand","embeddable":true,"href":"https:\/\/vici.bg\/no\/wp-json\/wp\/v2\/product_brand?post=7410"},{"taxonomy":"product_cat","embeddable":true,"href":"https:\/\/vici.bg\/no\/wp-json\/wp\/v2\/product_cat?post=7410"},{"taxonomy":"product_tag","embeddable":true,"href":"https:\/\/vici.bg\/no\/wp-json\/wp\/v2\/product_tag?post=7410"}],"curies":[{"name":"wp","href":"https:\/\/api.w.org\/{rel}","templated":true}]}}