{"id":7319,"date":"2023-11-03T08:11:27","date_gmt":"2023-11-03T08:11:27","guid":{"rendered":"https:\/\/vici.bg\/no\/?post_type=product&#038;p=7319"},"modified":"2024-12-16T14:08:29","modified_gmt":"2024-12-16T11:08:29","slug":"spisebord-modena-eik","status":"publish","type":"product","link":"https:\/\/vici.bg\/no\/catalogue\/spisebord-modena-eik\/","title":{"rendered":"Spisebord MODENA &#8211; Eik"},"content":{"rendered":"<h2>Spisebord MODENA &#8211; Eik<\/h2>\n<p>er en kombinasjon av sofistikert design og materialer av h\u00f8y kvalitet. Den elliptiske toppen er laget av b\u00f8k og gir ikke bare et eksepsjonelt utseende, men ogs\u00e5 styrke. Med et optisk utseende p\u00e5 40 mm og en reell tykkelse p\u00e5 20+20 mm, utstr\u00e5ler den raffinement og holdbarhet. Bena, laserkuttet og tilgjengelig i svart eller hvitt, gir en unik stil til dette enest\u00e5ende bordet.<\/p>\n<h3>St\u00f8rrelser for hver plass<\/h3>\n<p>Med forskjellige st\u00f8rrelser &#8211; fra 1400 mm til 2400 mm i lengde og 800 mm i bredde, tilbyr Modena spisebord fleksibilitet og bekvemmelighet for ethvert interi\u00f8r. Enten du leter etter et stilig hj\u00f8rne for intime middager eller funksjonalitet for store fellessamlinger, gj\u00f8r de forskjellige st\u00f8rrelsene dette bordet ideelt for enhver plass.<\/p>\n<h3>Stilige tilleggsm\u00f8bler<\/h3>\n<p>Dette sofistikerte m\u00f8belet er mer enn bare et bord &#8211; det er en dekorativ aksent som tilf\u00f8rer stil og raffinement til hjemmet ditt. Enten du kombinerer det med moderne stoler eller bruker det som et midtpunkt i spisestuen, er Modena Spisebord &#8211; Eik i\u00f8ynefallende og imponerende.<\/p>\n","protected":false},"excerpt":{"rendered":"<p>Overd\u00e5dig og sofistikert, Modena spisebord \u2013 Eik er et symbol p\u00e5 stil og funksjonalitet. Med en elliptisk b\u00f8ketopp og laserkuttede ben tilbyr den eleganse og bekvemmelighet for enhver plass.<\/p>\n","protected":false},"featured_media":7355,"comment_status":"open","ping_status":"closed","template":"","meta":[],"product_brand":[],"product_cat":[326],"product_tag":[446,439,437,445,443,444,440,433,441,435,447,434,436],"class_list":{"0":"post-7319","1":"product","2":"type-product","3":"status-publish","4":"has-post-thumbnail","6":"product_cat-spisebord","7":"product_tag-446","8":"product_tag-439","9":"product_tag-437","10":"product_tag-445","11":"product_tag-443","12":"product_tag-444","13":"product_tag-440","14":"product_tag-433","15":"product_tag-441","16":"product_tag-435","17":"product_tag-447","18":"product_tag-434","19":"product_tag-436","21":"first","22":"instock","23":"shipping-taxable","24":"purchasable","25":"product-type-variable","26":"add-to-wishlist-after_add_to_cart"},"_links":{"self":[{"href":"https:\/\/vici.bg\/no\/wp-json\/wp\/v2\/product\/7319","targetHints":{"allow":["GET"]}}],"collection":[{"href":"https:\/\/vici.bg\/no\/wp-json\/wp\/v2\/product"}],"about":[{"href":"https:\/\/vici.bg\/no\/wp-json\/wp\/v2\/types\/product"}],"replies":[{"embeddable":true,"href":"https:\/\/vici.bg\/no\/wp-json\/wp\/v2\/comments?post=7319"}],"wp:featuredmedia":[{"embeddable":true,"href":"https:\/\/vici.bg\/no\/wp-json\/wp\/v2\/media\/7355"}],"wp:attachment":[{"href":"https:\/\/vici.bg\/no\/wp-json\/wp\/v2\/media?parent=7319"}],"wp:term":[{"taxonomy":"product_brand","embeddable":true,"href":"https:\/\/vici.bg\/no\/wp-json\/wp\/v2\/product_brand?post=7319"},{"taxonomy":"product_cat","embeddable":true,"href":"https:\/\/vici.bg\/no\/wp-json\/wp\/v2\/product_cat?post=7319"},{"taxonomy":"product_tag","embeddable":true,"href":"https:\/\/vici.bg\/no\/wp-json\/wp\/v2\/product_tag?post=7319"}],"curies":[{"name":"wp","href":"https:\/\/api.w.org\/{rel}","templated":true}]}}