{"id":7247,"date":"2023-11-02T13:10:58","date_gmt":"2023-11-02T13:10:58","guid":{"rendered":"https:\/\/vici.bg\/no\/?post_type=product&#038;p=7247"},"modified":"2024-12-16T14:11:40","modified_gmt":"2024-12-16T11:11:40","slug":"spisebord-milano-eik","status":"publish","type":"product","link":"https:\/\/vici.bg\/no\/catalogue\/spisebord-milano-eik\/","title":{"rendered":"Spisebord MILANO &#8211; Eik"},"content":{"rendered":"<h2>Spisebord MILANO &#8211; Eik<\/h2>\n<p>er ekstremt elegant og funksjonell. Den er laget med fokus p\u00e5 detaljer av h\u00f8ykvalitets eik, som gir eleganse og styrke til m\u00f8blene.<\/p>\n<p>Bordplaten har et optisk utseende p\u00e5 40 mm, og dens faktiske tykkelse er 20+20 mm, noe som garanterer motstand og holdbarhet gjennom \u00e5rene. Bordplaten er dekket med olje, som gir et naturlig og sofistikert utseende, og beskytter ogs\u00e5 treverket mot fukt og slitasje.<\/p>\n<p>Alternativene for bordplatest\u00f8rrelse inkluderer diametre fra \u2300700 mm til \u23001200 mm, slik at du kan velge riktig st\u00f8rrelse i henhold til dine behov og plassen du har.<\/p>\n<p>Milano eik spisebord er den perfekte kombinasjonen av estetikk, holdbarhet og funksjonalitet som vil gi stil og stil til ditt hjem eller eiendom.<\/p>\n","protected":false},"excerpt":{"rendered":"<p>Milano-spisebordet imponerer med sin raffinerte eikedesign og solide 40 mm optisk utseende. Med st\u00f8rrelsesalternativer og oljefinish i valn\u00f8tt eller svart, er den det perfekte tillegget til interi\u00f8ret ditt, og kombinerer stil og holdbarhet.<\/p>\n","protected":false},"featured_media":7262,"comment_status":"open","ping_status":"closed","template":"","meta":[],"product_brand":[],"product_cat":[326],"product_tag":[],"class_list":{"0":"post-7247","1":"product","2":"type-product","3":"status-publish","4":"has-post-thumbnail","6":"product_cat-spisebord","8":"first","9":"instock","10":"featured","11":"shipping-taxable","12":"purchasable","13":"product-type-variable","14":"add-to-wishlist-after_add_to_cart"},"_links":{"self":[{"href":"https:\/\/vici.bg\/no\/wp-json\/wp\/v2\/product\/7247","targetHints":{"allow":["GET"]}}],"collection":[{"href":"https:\/\/vici.bg\/no\/wp-json\/wp\/v2\/product"}],"about":[{"href":"https:\/\/vici.bg\/no\/wp-json\/wp\/v2\/types\/product"}],"replies":[{"embeddable":true,"href":"https:\/\/vici.bg\/no\/wp-json\/wp\/v2\/comments?post=7247"}],"wp:featuredmedia":[{"embeddable":true,"href":"https:\/\/vici.bg\/no\/wp-json\/wp\/v2\/media\/7262"}],"wp:attachment":[{"href":"https:\/\/vici.bg\/no\/wp-json\/wp\/v2\/media?parent=7247"}],"wp:term":[{"taxonomy":"product_brand","embeddable":true,"href":"https:\/\/vici.bg\/no\/wp-json\/wp\/v2\/product_brand?post=7247"},{"taxonomy":"product_cat","embeddable":true,"href":"https:\/\/vici.bg\/no\/wp-json\/wp\/v2\/product_cat?post=7247"},{"taxonomy":"product_tag","embeddable":true,"href":"https:\/\/vici.bg\/no\/wp-json\/wp\/v2\/product_tag?post=7247"}],"curies":[{"name":"wp","href":"https:\/\/api.w.org\/{rel}","templated":true}]}}