{"id":7148,"date":"2023-11-02T12:33:17","date_gmt":"2023-11-02T12:33:17","guid":{"rendered":"https:\/\/vici.bg\/no\/?post_type=product&#038;p=7148"},"modified":"2024-12-16T14:13:31","modified_gmt":"2024-12-16T11:13:31","slug":"uttrekkbart-spisebord-mesina-eik","status":"publish","type":"product","link":"https:\/\/vici.bg\/no\/catalogue\/uttrekkbart-spisebord-mesina-eik\/","title":{"rendered":"Uttrekkbart spisebord MESINA &#8211; Eik"},"content":{"rendered":"<h2>Uttrekkbart spisebord MESINA &#8211; Eik<\/h2>\n<p>Oppdag raffinement i et produkt som bringer en f\u00f8lelse av klassisk skj\u00f8nnhet til hjemmet ditt. Mesina uttrekkbare spisebord legemliggj\u00f8r en kombinasjon av holdbarhet og eleganse, og gir deg en unik mulighet for personalisering og funksjonalitet.<\/p>\n<p>Bordplaten er laget av n\u00f8ye utvalgt massiv eik, som kombinerer et optisk utseende p\u00e5 40 mm og en reell tykkelse p\u00e5 20+20 mm. Den er dekket med et spesielt oljebelegg som ikke bare understreker treets naturlige tekstur, men som ogs\u00e5 gir enkelt vedlikehold og v\u00e6rbestandighet. For \u00e5 \u00f8ke styrken er bordplaten forsterket med innebygde metallplater som garanterer stabilitet og holdbarhet.<\/p>\n<p>Dette uttrekkbare spisebordet tilbyr et valg mellom den varme, naturlige nyansen av eik og den m\u00f8rkere, uttrykksfulle valn\u00f8tten, slik at du kan velge riktig nyanse for \u00e5 komplettere hjemmet ditt.<\/p>\n<p>Mesinas ben er laget av solid eik, som harmonisk utfyller estetikken og stabiliteten til hele strukturen.<\/p>\n<p>Med forskjellige st\u00f8rrelser tilgjengelig, fra 1300 til 1600 mm i lengde og 750 til 760 mm i bredde, tilbyr dette bordet muligheter for tilpasning til ulike interi\u00f8roppsett og rom.<\/p>\n<p>Enten du er vertskap for en familiebegivenhet eller underholder gjester, er Mesina uttrekkbare spisebord designet for \u00e5 imponere og t\u00e5le hverdagens utfordringer, og kombinere funksjonalitet og eleganse i ett.<\/p>\n","protected":false},"excerpt":{"rendered":"<p>MESINA uttrekkbare bord i eik er en kombinasjon av eleganse og funksjonalitet. Med dimensjoner som varierer fra 1300 til 1600 mm i lengde og fra 750 til 760 mm i bredde, gir dette bordet mulighet for tilpasning etter dine behov og interi\u00f8rpreferanser. Laget av massiv eik, gir den en naturlig og varm nyanse, som understreker elegansen til hjemmet ditt. Med sin uttrekkbare mekanisme er den ideell for b\u00e5de familielunsjer og velkommen gjester, og gir komfort og stil i ett.<\/p>\n","protected":false},"featured_media":7163,"comment_status":"open","ping_status":"closed","template":"","meta":[],"product_brand":[],"product_cat":[704,326],"product_tag":[439,437,445,443,444,440,433,441,435,434,436],"class_list":{"0":"post-7148","1":"product","2":"type-product","3":"status-publish","4":"has-post-thumbnail","6":"product_cat-uttrekkbare-spisebord","7":"product_cat-spisebord","8":"product_tag-439","9":"product_tag-437","10":"product_tag-445","11":"product_tag-443","12":"product_tag-444","13":"product_tag-440","14":"product_tag-433","15":"product_tag-441","16":"product_tag-435","17":"product_tag-434","18":"product_tag-436","20":"first","21":"instock","22":"shipping-taxable","23":"purchasable","24":"product-type-variable","25":"add-to-wishlist-after_add_to_cart"},"_links":{"self":[{"href":"https:\/\/vici.bg\/no\/wp-json\/wp\/v2\/product\/7148","targetHints":{"allow":["GET"]}}],"collection":[{"href":"https:\/\/vici.bg\/no\/wp-json\/wp\/v2\/product"}],"about":[{"href":"https:\/\/vici.bg\/no\/wp-json\/wp\/v2\/types\/product"}],"replies":[{"embeddable":true,"href":"https:\/\/vici.bg\/no\/wp-json\/wp\/v2\/comments?post=7148"}],"wp:featuredmedia":[{"embeddable":true,"href":"https:\/\/vici.bg\/no\/wp-json\/wp\/v2\/media\/7163"}],"wp:attachment":[{"href":"https:\/\/vici.bg\/no\/wp-json\/wp\/v2\/media?parent=7148"}],"wp:term":[{"taxonomy":"product_brand","embeddable":true,"href":"https:\/\/vici.bg\/no\/wp-json\/wp\/v2\/product_brand?post=7148"},{"taxonomy":"product_cat","embeddable":true,"href":"https:\/\/vici.bg\/no\/wp-json\/wp\/v2\/product_cat?post=7148"},{"taxonomy":"product_tag","embeddable":true,"href":"https:\/\/vici.bg\/no\/wp-json\/wp\/v2\/product_tag?post=7148"}],"curies":[{"name":"wp","href":"https:\/\/api.w.org\/{rel}","templated":true}]}}