{"id":7071,"date":"2023-11-02T12:17:52","date_gmt":"2023-11-02T12:17:52","guid":{"rendered":"https:\/\/vici.bg\/no\/?post_type=product&#038;p=7071"},"modified":"2024-12-16T14:17:28","modified_gmt":"2024-12-16T11:17:28","slug":"trapezna-masa-flori","status":"publish","type":"product","link":"https:\/\/vici.bg\/no\/catalogue\/trapezna-masa-flori\/","title":{"rendered":"Spisebord FLORI &#8211; Eik"},"content":{"rendered":"<h2>Spisebord FLORI &#8211; Eik<\/h2>\n<p>Den perfekte kombinasjonen av holdbarhet og raffinement. Dette uts\u00f8kte m\u00f8blet er designet for \u00e5 t\u00e5le tidens tann og bringe en f\u00f8lelse av tradisjonell skj\u00f8nnhet og moderne design til hjemmet ditt.<\/p>\n<p>Den n\u00f8ye utformede bordplaten er laget av massiv villeik, imponerende med en optisk tykkelse p\u00e5 40 mm og en ekte hardhet p\u00e5 20+20 mm. Dekket med en oljefinish understreker den ikke bare treets naturlige tekstur, men gir ogs\u00e5 enkelt vedlikehold og langvarig holdbarhet. For ekstra styrke er bordplaten forsterket med metallplater skjult mellom trelagene, som garanterer stabilitet og holdbarhet.<\/p>\n<p>Fargene p\u00e5 bordplaten varierer fra den varme og naturlige nyansen av naturlig eik til den m\u00f8rkere og uttrykksfulle valn\u00f8tten, slik at du kan velge den perfekte nyansen som matcher interi\u00f8rkonseptet ditt.<\/p>\n<p>FLORIs ben er ogs\u00e5 laget av massiv eik, og blander seg harmonisk med bordplaten.<\/p>\n<p>Med en rekke st\u00f8rrelser tilgjengelig for bordet:<\/p>\n<ul>\n<li>1400\/800\/740 \u2013 760 \u043c\u043c<\/li>\n<li>1600\/800\/740 \u2013 760 \u043c\u043c<\/li>\n<li>1800\/800\/740 \u2013 760 \u043c\u043c<\/li>\n<li>2000\/800\/740 \u2013 760 \u043c\u043c<\/li>\n<li>2400\/800\/740 \u2013 760 \u043c\u043c<\/li>\n<\/ul>\n<p>Enten du er vert for familiemiddager eller underholder gjester, er FLORI-spisebordet designet for \u00e5 imponere og t\u00e5le tidens tann, samtidig som du tilf\u00f8rer hjemmet en f\u00f8lelse av tradisjonell eleganse.<\/p>\n","protected":false},"excerpt":{"rendered":"<p>Spisebordet FLORI &#8211; Eik er den perfekte kombinasjonen av slitestyrke og eleganse. Den er laget av massiv villeik og imponerer med sin naturlige skj\u00f8nnhet og fremhevende oljefinish. I forskjellige st\u00f8rrelser og farger tilbyr FLORI funksjonalitet og stil for ethvert rom.<\/p>\n","protected":false},"featured_media":7093,"comment_status":"open","ping_status":"closed","template":"","meta":[],"product_brand":[],"product_cat":[326],"product_tag":[439,437,445,443,444,440,433,441,435,447,434,436],"class_list":{"0":"post-7071","1":"product","2":"type-product","3":"status-publish","4":"has-post-thumbnail","6":"product_cat-spisebord","7":"product_tag-439","8":"product_tag-437","9":"product_tag-445","10":"product_tag-443","11":"product_tag-444","12":"product_tag-440","13":"product_tag-433","14":"product_tag-441","15":"product_tag-435","16":"product_tag-447","17":"product_tag-434","18":"product_tag-436","20":"first","21":"instock","22":"shipping-taxable","23":"purchasable","24":"product-type-variable","25":"add-to-wishlist-after_add_to_cart"},"_links":{"self":[{"href":"https:\/\/vici.bg\/no\/wp-json\/wp\/v2\/product\/7071","targetHints":{"allow":["GET"]}}],"collection":[{"href":"https:\/\/vici.bg\/no\/wp-json\/wp\/v2\/product"}],"about":[{"href":"https:\/\/vici.bg\/no\/wp-json\/wp\/v2\/types\/product"}],"replies":[{"embeddable":true,"href":"https:\/\/vici.bg\/no\/wp-json\/wp\/v2\/comments?post=7071"}],"wp:featuredmedia":[{"embeddable":true,"href":"https:\/\/vici.bg\/no\/wp-json\/wp\/v2\/media\/7093"}],"wp:attachment":[{"href":"https:\/\/vici.bg\/no\/wp-json\/wp\/v2\/media?parent=7071"}],"wp:term":[{"taxonomy":"product_brand","embeddable":true,"href":"https:\/\/vici.bg\/no\/wp-json\/wp\/v2\/product_brand?post=7071"},{"taxonomy":"product_cat","embeddable":true,"href":"https:\/\/vici.bg\/no\/wp-json\/wp\/v2\/product_cat?post=7071"},{"taxonomy":"product_tag","embeddable":true,"href":"https:\/\/vici.bg\/no\/wp-json\/wp\/v2\/product_tag?post=7071"}],"curies":[{"name":"wp","href":"https:\/\/api.w.org\/{rel}","templated":true}]}}