{"id":6994,"date":"2023-11-02T11:10:54","date_gmt":"2023-11-02T11:10:54","guid":{"rendered":"https:\/\/vici.bg\/no\/?post_type=product&#038;p=6994"},"modified":"2024-12-16T14:21:31","modified_gmt":"2024-12-16T11:21:31","slug":"spisebord-florence-eik","status":"publish","type":"product","link":"https:\/\/vici.bg\/no\/catalogue\/spisebord-florence-eik\/","title":{"rendered":"Spisebord FLORENCE &#8211; Eik"},"content":{"rendered":"<h2>Spisebord FLORENCE &#8211; Eik<\/h2>\n<p>Oppdag den perfekte symbiosen mellom styrke og eleganse med Florence spisebord. Dette uts\u00f8kte m\u00f8belet er bygget for \u00e5 t\u00e5le tidens tann, og bringer en f\u00f8lelse av tradisjonell skj\u00f8nnhet og moderne design til rommet ditt.<\/p>\n<p>Bordplaten er laget av n\u00f8ye utvalgt massiv villeik, med et optisk utseende p\u00e5 40 mm og en reell tykkelse p\u00e5 20+20 mm. Den er beriket med et oljebelegg som ikke bare understreker treets naturlige tekstur, men som ogs\u00e5 sikrer enkelt vedlikehold og holdbarhet. For ekstra styrke er bordplaten forsterket med metallplater skjult mellom trelagene, noe som gir stabilitet og holdbarhet.<\/p>\n<p>Valget av farger p\u00e5 benkeplaten varierer mellom den varme og naturlige nyansen av naturlig eik og den m\u00f8rkere og uttrykksfulle valn\u00f8tten, slik at du kan finne den perfekte nyansen for \u00e5 komplementere interi\u00f8rkonseptet ditt.<\/p>\n<p>Florence-bena er et ekte metallverk &#8211; laserkuttet for presisjon og form, og pulverlakkert for ekstra holdbarhet og stil. Velg mellom klassisk svart eller moderne hvit farge for \u00e5 sette prikken over i-en til din designerlook.<\/p>\n<p>Bordet er tilgjengelig i en rekke st\u00f8rrelser for \u00e5 m\u00f8te behovene til enhver plass og funksjonalitet:<\/p>\n<ul>\n<li>1400\/950\/740 &#8211; 760 mm<\/li>\n<li>1600\/950\/740 &#8211; 760 mm<\/li>\n<li>1800\/950\/740 &#8211; 760 mm<\/li>\n<li>2000\/950\/740 &#8211; 760 mm<\/li>\n<li>2400\/950\/740 &#8211; 760 mm<\/li>\n<\/ul>\n<p>Enten du er vert for en familiemiddag eller underholder gjester, er Florence-spisebordet designet for \u00e5 imponere og t\u00e5le tidens tann, samtidig som du bringer en f\u00f8lelse av tradisjonell eleganse til hjemmet ditt.<\/p>\n","protected":false},"excerpt":{"rendered":"<p>Florence spisebord &#8211; en kombinasjon av tradisjon og moderne design. Laget av massiv villeik med en elegant topp og slitesterke metallben, gir dette bordet stil og varme til ethvert rom. Tilgjengelig i forskjellige st\u00f8rrelser og farger for \u00e5 passe perfekt inn i rommet ditt<\/p>\n","protected":false},"featured_media":6995,"comment_status":"open","ping_status":"closed","template":"","meta":[],"product_brand":[],"product_cat":[326],"product_tag":[446,439,437,445,443,444,440,433,441,435,434,436],"class_list":{"0":"post-6994","1":"product","2":"type-product","3":"status-publish","4":"has-post-thumbnail","6":"product_cat-spisebord","7":"product_tag-446","8":"product_tag-439","9":"product_tag-437","10":"product_tag-445","11":"product_tag-443","12":"product_tag-444","13":"product_tag-440","14":"product_tag-433","15":"product_tag-441","16":"product_tag-435","17":"product_tag-434","18":"product_tag-436","20":"first","21":"instock","22":"shipping-taxable","23":"purchasable","24":"product-type-variable","25":"add-to-wishlist-after_add_to_cart"},"_links":{"self":[{"href":"https:\/\/vici.bg\/no\/wp-json\/wp\/v2\/product\/6994","targetHints":{"allow":["GET"]}}],"collection":[{"href":"https:\/\/vici.bg\/no\/wp-json\/wp\/v2\/product"}],"about":[{"href":"https:\/\/vici.bg\/no\/wp-json\/wp\/v2\/types\/product"}],"replies":[{"embeddable":true,"href":"https:\/\/vici.bg\/no\/wp-json\/wp\/v2\/comments?post=6994"}],"wp:featuredmedia":[{"embeddable":true,"href":"https:\/\/vici.bg\/no\/wp-json\/wp\/v2\/media\/6995"}],"wp:attachment":[{"href":"https:\/\/vici.bg\/no\/wp-json\/wp\/v2\/media?parent=6994"}],"wp:term":[{"taxonomy":"product_brand","embeddable":true,"href":"https:\/\/vici.bg\/no\/wp-json\/wp\/v2\/product_brand?post=6994"},{"taxonomy":"product_cat","embeddable":true,"href":"https:\/\/vici.bg\/no\/wp-json\/wp\/v2\/product_cat?post=6994"},{"taxonomy":"product_tag","embeddable":true,"href":"https:\/\/vici.bg\/no\/wp-json\/wp\/v2\/product_tag?post=6994"}],"curies":[{"name":"wp","href":"https:\/\/api.w.org\/{rel}","templated":true}]}}