{"id":6943,"date":"2023-11-02T10:20:32","date_gmt":"2023-11-02T10:20:32","guid":{"rendered":"https:\/\/vici.bg\/no\/?post_type=product&#038;p=6943"},"modified":"2024-12-16T14:25:01","modified_gmt":"2024-12-16T11:25:01","slug":"spisebord-asti-eik","status":"publish","type":"product","link":"https:\/\/vici.bg\/no\/catalogue\/spisebord-asti-eik\/","title":{"rendered":"Spisebord ASTI &#8211; Eik"},"content":{"rendered":"<h2>Spisebord ASTI &#8211; Eik<\/h2>\n<p>Oppdag den perfekte kombinasjonen av holdbarhet og eleganse med Asti spisebord. Dette sofistikerte m\u00f8belet er designet for \u00e5 vare i \u00e5revis, og gir hjemmet ditt en f\u00f8lelse av tradisjonell skj\u00f8nnhet og moderne design.<\/p>\n<p>Bordplaten er laget av n\u00f8ye utvalgt massiv villeik, som har et optisk utseende p\u00e5 40 mm og en reell tykkelse p\u00e5 20+20 mm. Den er behandlet med en oljefinish, som ikke bare understreker treets naturlige tekstur, men ogs\u00e5 gir enkelt vedlikehold og holdbarhet. For ekstra styrke er bordplaten forsterket med metallplater skjult mellom trelaget, noe som sikrer stabilitet og holdbarhet.<\/p>\n<p>Valget av farger p\u00e5 benkeplaten varierer mellom den varme og naturlige nyansen av villeik og den m\u00f8rkere, uttrykksfulle valn\u00f8tten, slik at du kan finne den perfekte nyansen for \u00e5 komplementere interi\u00f8ret ditt.<\/p>\n<p>&#8220;Asti&#8221;-bena er et ekte metallverk &#8211; laserkuttet for presisjon og form, og pulverlakkert for ekstra holdbarhet og stil. Du kan velge mellom klassisk svart eller moderne hvit farge for \u00e5 komplementere ditt designerutseende.<\/p>\n<p>Bordet er tilgjengelig i en rekke st\u00f8rrelser for \u00e5 m\u00f8te behovene til enhver plass og funksjonalitet:<\/p>\n<ul>\n<li>1400\/800\/740 \u2013 760 \u043c\u043c<\/li>\n<li>1600\/800\/740 \u2013 760 \u043c\u043c<\/li>\n<li>1800\/800\/740 \u2013 760 \u043c\u043c<\/li>\n<li>2000\/800\/740 \u2013 760 \u043c\u043c<\/li>\n<li>2400\/800\/740 \u2013 760 \u043c\u043c<\/li>\n<\/ul>\n<p>Enten du forbereder en familiemiddag eller underholder gjester, er Asti-spisebordet designet for \u00e5 imponere og t\u00e5le tidens tann, samtidig som du tilf\u00f8rer hjemmet en f\u00f8lelse av tradisjonell eleganse.<\/p>\n","protected":false},"excerpt":{"rendered":"<p>Asti spisebord er en perfeksjon av holdbarhet og eleganse. Med sin solid oljet villeik topp for enkelt vedlikehold og skjulte metallplater for stabilitet, kombinerer dette bordet tradisjonell skj\u00f8nnhet med moderne design. Farge- og st\u00f8rrelsesalternativene gir mulighet for personalisering, og de raffinerte bena og det presise h\u00e5ndverket gj\u00f8r Asti ikke bare til et m\u00f8bel, men en visjon for hjemmet ditt.<\/p>\n","protected":false},"featured_media":6929,"comment_status":"open","ping_status":"closed","template":"","meta":[],"product_brand":[],"product_cat":[326],"product_tag":[439,437,445,443,444,440,433,441,435,434,436],"class_list":{"0":"post-6943","1":"product","2":"type-product","3":"status-publish","4":"has-post-thumbnail","6":"product_cat-spisebord","7":"product_tag-439","8":"product_tag-437","9":"product_tag-445","10":"product_tag-443","11":"product_tag-444","12":"product_tag-440","13":"product_tag-433","14":"product_tag-441","15":"product_tag-435","16":"product_tag-434","17":"product_tag-436","19":"first","20":"instock","21":"shipping-taxable","22":"purchasable","23":"product-type-variable","24":"add-to-wishlist-after_add_to_cart"},"_links":{"self":[{"href":"https:\/\/vici.bg\/no\/wp-json\/wp\/v2\/product\/6943","targetHints":{"allow":["GET"]}}],"collection":[{"href":"https:\/\/vici.bg\/no\/wp-json\/wp\/v2\/product"}],"about":[{"href":"https:\/\/vici.bg\/no\/wp-json\/wp\/v2\/types\/product"}],"replies":[{"embeddable":true,"href":"https:\/\/vici.bg\/no\/wp-json\/wp\/v2\/comments?post=6943"}],"wp:featuredmedia":[{"embeddable":true,"href":"https:\/\/vici.bg\/no\/wp-json\/wp\/v2\/media\/6929"}],"wp:attachment":[{"href":"https:\/\/vici.bg\/no\/wp-json\/wp\/v2\/media?parent=6943"}],"wp:term":[{"taxonomy":"product_brand","embeddable":true,"href":"https:\/\/vici.bg\/no\/wp-json\/wp\/v2\/product_brand?post=6943"},{"taxonomy":"product_cat","embeddable":true,"href":"https:\/\/vici.bg\/no\/wp-json\/wp\/v2\/product_cat?post=6943"},{"taxonomy":"product_tag","embeddable":true,"href":"https:\/\/vici.bg\/no\/wp-json\/wp\/v2\/product_tag?post=6943"}],"curies":[{"name":"wp","href":"https:\/\/api.w.org\/{rel}","templated":true}]}}