{"id":10814,"date":"2023-12-19T08:29:32","date_gmt":"2023-12-19T08:29:32","guid":{"rendered":"https:\/\/vici.bg\/no\/?post_type=product&#038;p=10814"},"modified":"2024-12-16T13:26:43","modified_gmt":"2024-12-16T10:26:43","slug":"salongbord-terni-eik","status":"publish","type":"product","link":"https:\/\/vici.bg\/no\/catalogue\/salongbord-terni-eik\/","title":{"rendered":"Salongbord Terni &#8211; Eik"},"content":{"rendered":"<h2>Salongbord Terni &#8211; Eik<\/h2>\n<p>er et sofistikert forslag for ditt hjem eller kontor. Dens 40 mm optiske topp, supplert med en reell tykkelse p\u00e5 20+20 mm, gir ikke bare estetikk, men ogs\u00e5 holdbarhet. Med solide eikeben gir dette salongbordet kos og raffinement til ethvert rom.<\/p>\n<p>Terni varierer i st\u00f8rrelse fra \u00a3700 til \u00a31200, og tilbyr en rekke alternativer som passer til st\u00f8rrelsen, og toppen er tilgjengelig i farger som naturlig, valn\u00f8tt og svart, slik at bordet passer perfekt inn i rommet ditt og fremhever stilen.<\/p>\n<p>Terni salongbordet er elegant og funksjonelt, egnet for \u00e5 skape en koselig atmosf\u00e6re og komplementere innredningen i hjemmet eller kontoret.<\/p>\n","protected":false},"excerpt":{"rendered":"<p>Salongbord Terni &#8211; Eik er et sofistikert forslag for ditt hjem eller kontor. Dens 40 mm optiske topp, supplert med en reell tykkelse p\u00e5 20+20 mm, gir ikke bare estetikk, men ogs\u00e5 holdbarhet. Med solide eikeben gir dette salongbordet kos og raffinement til ethvert rom. Terni varierer i st\u00f8rrelse fra \u00a3700 til \u00a31200, og tilbyr [&hellip;]<\/p>\n","protected":false},"featured_media":10838,"comment_status":"open","ping_status":"closed","template":"","meta":[],"product_brand":[],"product_cat":[15],"product_tag":[],"class_list":{"0":"post-10814","1":"product","2":"type-product","3":"status-publish","4":"has-post-thumbnail","6":"product_cat-uncategorized","8":"first","9":"instock","10":"shipping-taxable","11":"purchasable","12":"product-type-variable","13":"add-to-wishlist-after_add_to_cart"},"_links":{"self":[{"href":"https:\/\/vici.bg\/no\/wp-json\/wp\/v2\/product\/10814","targetHints":{"allow":["GET"]}}],"collection":[{"href":"https:\/\/vici.bg\/no\/wp-json\/wp\/v2\/product"}],"about":[{"href":"https:\/\/vici.bg\/no\/wp-json\/wp\/v2\/types\/product"}],"replies":[{"embeddable":true,"href":"https:\/\/vici.bg\/no\/wp-json\/wp\/v2\/comments?post=10814"}],"wp:featuredmedia":[{"embeddable":true,"href":"https:\/\/vici.bg\/no\/wp-json\/wp\/v2\/media\/10838"}],"wp:attachment":[{"href":"https:\/\/vici.bg\/no\/wp-json\/wp\/v2\/media?parent=10814"}],"wp:term":[{"taxonomy":"product_brand","embeddable":true,"href":"https:\/\/vici.bg\/no\/wp-json\/wp\/v2\/product_brand?post=10814"},{"taxonomy":"product_cat","embeddable":true,"href":"https:\/\/vici.bg\/no\/wp-json\/wp\/v2\/product_cat?post=10814"},{"taxonomy":"product_tag","embeddable":true,"href":"https:\/\/vici.bg\/no\/wp-json\/wp\/v2\/product_tag?post=10814"}],"curies":[{"name":"wp","href":"https:\/\/api.w.org\/{rel}","templated":true}]}}