{"id":10813,"date":"2023-12-19T08:22:47","date_gmt":"2023-12-19T08:22:47","guid":{"rendered":"https:\/\/vici.bg\/no\/?post_type=product&#038;p=10813"},"modified":"2024-12-16T13:28:42","modified_gmt":"2024-12-16T10:28:42","slug":"nairobi-salongbord-eik","status":"publish","type":"product","link":"https:\/\/vici.bg\/no\/catalogue\/nairobi-salongbord-eik\/","title":{"rendered":"Nairobi salongbord &#8211; Eik"},"content":{"rendered":"<h2>Nairobi salongbord &#8211; Eik<\/h2>\n<p>er en forf\u00f8rende kombinasjon av raffinement og holdbarhet. Dens 40 mm optiske topp, supplert med en reell tykkelse p\u00e5 20+20 mm, fanger ikke bare \u00f8yet, men tilbyr ogs\u00e5 utrolig styrke. Med laserkuttede metallben, pulverlakkert, utstr\u00e5ler dette bordet moderne stil og p\u00e5litelighet.<\/p>\n<p>Nairobi m\u00e5ler fra 1400 mm til 2400 mm i lengde, 800 mm i bredden og 740 til 760 mm i h\u00f8yden, og tilbyr fleksibilitet i \u00e5 velge den perfekte st\u00f8rrelsen for rommet ditt. Benkeplaten har en naturlig kant og finnes i farger som natur, valn\u00f8tt og sort, noe som bidrar til stilen og harmonien i interi\u00f8ret.<\/p>\n<p>Nairobi sofabordet har et raffinert utseende og h\u00f8y funksjonalitet, perfekt for enhver familie eller moderne m\u00f8blert hjem som setter pris p\u00e5 estetikk og holdbarhet i ett.<\/p>\n","protected":false},"excerpt":{"rendered":"<p>Nairobi salongbord &#8211; Eik er en forf\u00f8rende kombinasjon av raffinement og holdbarhet. Dens 40 mm optiske topp, supplert med en reell tykkelse p\u00e5 20+20 mm, fanger ikke bare \u00f8yet, men tilbyr ogs\u00e5 utrolig styrke. Med laserkuttede metallben, pulverlakkert, utstr\u00e5ler dette bordet moderne stil og p\u00e5litelighet. Nairobi m\u00e5ler fra 1400 mm til 2400 mm i lengde, [&hellip;]<\/p>\n","protected":false},"featured_media":10978,"comment_status":"open","ping_status":"closed","template":"","meta":[],"product_brand":[],"product_cat":[552],"product_tag":[],"class_list":{"0":"post-10813","1":"product","2":"type-product","3":"status-publish","4":"has-post-thumbnail","6":"product_cat-kaffebord","8":"first","9":"onbackorder","10":"shipping-taxable","11":"product-type-simple","12":"add-to-wishlist-after_add_to_cart"},"_links":{"self":[{"href":"https:\/\/vici.bg\/no\/wp-json\/wp\/v2\/product\/10813","targetHints":{"allow":["GET"]}}],"collection":[{"href":"https:\/\/vici.bg\/no\/wp-json\/wp\/v2\/product"}],"about":[{"href":"https:\/\/vici.bg\/no\/wp-json\/wp\/v2\/types\/product"}],"replies":[{"embeddable":true,"href":"https:\/\/vici.bg\/no\/wp-json\/wp\/v2\/comments?post=10813"}],"wp:featuredmedia":[{"embeddable":true,"href":"https:\/\/vici.bg\/no\/wp-json\/wp\/v2\/media\/10978"}],"wp:attachment":[{"href":"https:\/\/vici.bg\/no\/wp-json\/wp\/v2\/media?parent=10813"}],"wp:term":[{"taxonomy":"product_brand","embeddable":true,"href":"https:\/\/vici.bg\/no\/wp-json\/wp\/v2\/product_brand?post=10813"},{"taxonomy":"product_cat","embeddable":true,"href":"https:\/\/vici.bg\/no\/wp-json\/wp\/v2\/product_cat?post=10813"},{"taxonomy":"product_tag","embeddable":true,"href":"https:\/\/vici.bg\/no\/wp-json\/wp\/v2\/product_tag?post=10813"}],"curies":[{"name":"wp","href":"https:\/\/api.w.org\/{rel}","templated":true}]}}